{"id":62,"date":"2023-11-24T10:22:07","date_gmt":"2023-11-24T09:22:07","guid":{"rendered":"https:\/\/animalhomeservice.fr\/?page_id=62"},"modified":"2024-03-27T10:18:00","modified_gmt":"2024-03-27T09:18:00","slug":"tarifs-garde-chevaux-a-domicile","status":"publish","type":"page","link":"https:\/\/animalhomeservice.fr\/index.php\/tarifs-garde-chevaux-a-domicile\/","title":{"rendered":"Tarifs chevaux"},"content":{"rendered":"\n<p>Visite au pr\u00e9 \/ \u00e0 domicile chevaux<\/p>\n\n\n\n<ul class=\"wp-block-list\">\n<li>Visite avec services sur mesure 15,00 \u20ac 1 visite par jour + frais kilom\u00e9triques<\/li>\n\n\n\n<li>Visite avec services sur mesure 25,00 \u20ac 2 visites par jour + frais kilom\u00e9triques<\/li>\n\n\n\n<li>Forfait pour 1 semaine 1 visite par jour 100,00 \u20ac + frais kilom\u00e9triques<\/li>\n\n\n\n<li>Prix de la visite jusqu\u2019\u00e0 3 chevaux, apr\u00e8s devis sur mesure, tarif sp\u00e9cial famille nombreuse<\/li>\n\n\n\n<li>Pr\u00e9-visite\/ remise des cl\u00e9s\/ restitution des cl\u00e9s de 10,00 \u20ac \u00e0 15,00 \u20ac<\/li>\n\n\n\n<li>Curage et paillage d\u2019un boxe 5,00 \u20ac suppl\u00e9mentaire<\/li>\n\n\n\n<li>R\u00e9parations de cl\u00f4ture et attrapage chevaux en libert\u00e9 23,00 \u20ac \/ heure mat\u00e9riel non compris<\/li>\n\n\n\n<li>Achat nourriture ou mat\u00e9riel 15,00 + frais kilom\u00e9triques<\/li>\n\n\n\n<li>Attente et assistance visite v\u00e9t\u00e9rinaire 23,00 \u20ac\/ heure + frais kilom\u00e9triques<\/li>\n\n\n\n<li>Les dimanches et jours f\u00e9ri\u00e9s sont major\u00e9s de 50 %<\/li>\n<\/ul>\n\n\n\n<p>La prestation comprend la v\u00e9rification de l\u2019eau, du foin, des granul\u00e9s, des cl\u00f4tures, et de l\u2019\u00e9tat de sant\u00e9 de votre compagnon.<\/p>\n\n\n\n<p>La nourriture, foin et paille ne sont pas compris dans le prix.<\/p>\n\n\n\n<figure class=\"wp-block-image\"><img loading=\"lazy\" decoding=\"async\" width=\"1024\" height=\"498\" src=\"https:\/\/animalhomeservice.fr\/wp-content\/uploads\/2023\/10\/bidou-et-titou-1024x498.jpg\" alt=\"\" class=\"wp-image-52\" srcset=\"https:\/\/animalhomeservice.fr\/wp-content\/uploads\/2023\/10\/bidou-et-titou-1024x498.jpg 1024w, https:\/\/animalhomeservice.fr\/wp-content\/uploads\/2023\/10\/bidou-et-titou-300x146.jpg 300w, https:\/\/animalhomeservice.fr\/wp-content\/uploads\/2023\/10\/bidou-et-titou-768x374.jpg 768w, https:\/\/animalhomeservice.fr\/wp-content\/uploads\/2023\/10\/bidou-et-titou.jpg 1480w\" sizes=\"auto, (max-width: 1024px) 100vw, 1024px\" \/><\/figure>\n","protected":false},"excerpt":{"rendered":"<p>Visite au pr\u00e9 \/ \u00e0 domicile chevaux La prestation comprend la v\u00e9rification de l\u2019eau, du foin, des granul\u00e9s, des cl\u00f4tures, et de l\u2019\u00e9tat de sant\u00e9 de votre compagnon. La nourriture, foin et paille ne sont pas compris dans le prix.<\/p>\n","protected":false},"author":1,"featured_media":0,"parent":0,"menu_order":0,"comment_status":"closed","ping_status":"closed","template":"","meta":{"footnotes":""},"class_list":["post-62","page","type-page","status-publish","hentry"],"yoast_head":"<!-- This site is optimized with the Yoast SEO plugin v21.5 - https:\/\/yoast.com\/wordpress\/plugins\/seo\/ -->\n<title>Tarifs chevaux - Animal Home Service<\/title>\n<meta name=\"robots\" content=\"index, follow, max-snippet:-1, max-image-preview:large, max-video-preview:-1\" \/>\n<link rel=\"canonical\" href=\"https:\/\/animalhomeservice.fr\/index.php\/tarifs-garde-chevaux-a-domicile\/\" \/>\n<meta property=\"og:locale\" content=\"en_US\" \/>\n<meta property=\"og:type\" content=\"article\" \/>\n<meta property=\"og:title\" content=\"Tarifs chevaux - Animal Home Service\" \/>\n<meta property=\"og:description\" content=\"Visite au pr\u00e9 \/ \u00e0 domicile chevaux La prestation comprend la v\u00e9rification de l\u2019eau, du foin, des granul\u00e9s, des cl\u00f4tures, et de l\u2019\u00e9tat de sant\u00e9 de votre compagnon. La nourriture, foin et paille ne sont pas compris dans le prix.\" \/>\n<meta property=\"og:url\" content=\"https:\/\/animalhomeservice.fr\/index.php\/tarifs-garde-chevaux-a-domicile\/\" \/>\n<meta property=\"og:site_name\" content=\"Animal Home Service\" \/>\n<meta property=\"article:modified_time\" content=\"2024-03-27T09:18:00+00:00\" \/>\n<meta property=\"og:image\" content=\"https:\/\/animalhomeservice.fr\/wp-content\/uploads\/2023\/10\/bidou-et-titou-1024x498.jpg\" \/>\n<meta name=\"twitter:card\" content=\"summary_large_image\" \/>\n<meta name=\"twitter:label1\" content=\"Est. reading time\" \/>\n\t<meta name=\"twitter:data1\" content=\"1 minute\" \/>\n<script type=\"application\/ld+json\" class=\"yoast-schema-graph\">{\"@context\":\"https:\/\/schema.org\",\"@graph\":[{\"@type\":\"WebPage\",\"@id\":\"https:\/\/animalhomeservice.fr\/index.php\/tarifs-garde-chevaux-a-domicile\/\",\"url\":\"https:\/\/animalhomeservice.fr\/index.php\/tarifs-garde-chevaux-a-domicile\/\",\"name\":\"Tarifs chevaux - Animal Home Service\",\"isPartOf\":{\"@id\":\"https:\/\/animalhomeservice.fr\/#website\"},\"datePublished\":\"2023-11-24T09:22:07+00:00\",\"dateModified\":\"2024-03-27T09:18:00+00:00\",\"breadcrumb\":{\"@id\":\"https:\/\/animalhomeservice.fr\/index.php\/tarifs-garde-chevaux-a-domicile\/#breadcrumb\"},\"inLanguage\":\"en-US\",\"potentialAction\":[{\"@type\":\"ReadAction\",\"target\":[\"https:\/\/animalhomeservice.fr\/index.php\/tarifs-garde-chevaux-a-domicile\/\"]}]},{\"@type\":\"BreadcrumbList\",\"@id\":\"https:\/\/animalhomeservice.fr\/index.php\/tarifs-garde-chevaux-a-domicile\/#breadcrumb\",\"itemListElement\":[{\"@type\":\"ListItem\",\"position\":1,\"name\":\"Accueil\",\"item\":\"https:\/\/animalhomeservice.fr\/\"},{\"@type\":\"ListItem\",\"position\":2,\"name\":\"Tarifs chevaux\"}]},{\"@type\":\"WebSite\",\"@id\":\"https:\/\/animalhomeservice.fr\/#website\",\"url\":\"https:\/\/animalhomeservice.fr\/\",\"name\":\"Animal Home Service\",\"description\":\"\",\"publisher\":{\"@id\":\"https:\/\/animalhomeservice.fr\/#\/schema\/person\/d64861ccfc892a0d0e9e09f93ed37613\"},\"potentialAction\":[{\"@type\":\"SearchAction\",\"target\":{\"@type\":\"EntryPoint\",\"urlTemplate\":\"https:\/\/animalhomeservice.fr\/?s={search_term_string}\"},\"query-input\":\"required name=search_term_string\"}],\"inLanguage\":\"en-US\"},{\"@type\":[\"Person\",\"Organization\"],\"@id\":\"https:\/\/animalhomeservice.fr\/#\/schema\/person\/d64861ccfc892a0d0e9e09f93ed37613\",\"name\":\"elsbethblok07\",\"image\":{\"@type\":\"ImageObject\",\"inLanguage\":\"en-US\",\"@id\":\"https:\/\/animalhomeservice.fr\/#\/schema\/person\/image\/\",\"url\":\"https:\/\/animalhomeservice.fr\/wp-content\/uploads\/2023\/11\/veel-dieren.png\",\"contentUrl\":\"https:\/\/animalhomeservice.fr\/wp-content\/uploads\/2023\/11\/veel-dieren.png\",\"width\":1920,\"height\":342,\"caption\":\"elsbethblok07\"},\"logo\":{\"@id\":\"https:\/\/animalhomeservice.fr\/#\/schema\/person\/image\/\"},\"sameAs\":[\"http:\/\/animalhomeservice.fr\"]}]}<\/script>\n<!-- \/ Yoast SEO plugin. -->","yoast_head_json":{"title":"Tarifs chevaux - Animal Home Service","robots":{"index":"index","follow":"follow","max-snippet":"max-snippet:-1","max-image-preview":"max-image-preview:large","max-video-preview":"max-video-preview:-1"},"canonical":"https:\/\/animalhomeservice.fr\/index.php\/tarifs-garde-chevaux-a-domicile\/","og_locale":"en_US","og_type":"article","og_title":"Tarifs chevaux - Animal Home Service","og_description":"Visite au pr\u00e9 \/ \u00e0 domicile chevaux La prestation comprend la v\u00e9rification de l\u2019eau, du foin, des granul\u00e9s, des cl\u00f4tures, et de l\u2019\u00e9tat de sant\u00e9 de votre compagnon. La nourriture, foin et paille ne sont pas compris dans le prix.","og_url":"https:\/\/animalhomeservice.fr\/index.php\/tarifs-garde-chevaux-a-domicile\/","og_site_name":"Animal Home Service","article_modified_time":"2024-03-27T09:18:00+00:00","og_image":[{"url":"https:\/\/animalhomeservice.fr\/wp-content\/uploads\/2023\/10\/bidou-et-titou-1024x498.jpg"}],"twitter_card":"summary_large_image","twitter_misc":{"Est. reading time":"1 minute"},"schema":{"@context":"https:\/\/schema.org","@graph":[{"@type":"WebPage","@id":"https:\/\/animalhomeservice.fr\/index.php\/tarifs-garde-chevaux-a-domicile\/","url":"https:\/\/animalhomeservice.fr\/index.php\/tarifs-garde-chevaux-a-domicile\/","name":"Tarifs chevaux - Animal Home Service","isPartOf":{"@id":"https:\/\/animalhomeservice.fr\/#website"},"datePublished":"2023-11-24T09:22:07+00:00","dateModified":"2024-03-27T09:18:00+00:00","breadcrumb":{"@id":"https:\/\/animalhomeservice.fr\/index.php\/tarifs-garde-chevaux-a-domicile\/#breadcrumb"},"inLanguage":"en-US","potentialAction":[{"@type":"ReadAction","target":["https:\/\/animalhomeservice.fr\/index.php\/tarifs-garde-chevaux-a-domicile\/"]}]},{"@type":"BreadcrumbList","@id":"https:\/\/animalhomeservice.fr\/index.php\/tarifs-garde-chevaux-a-domicile\/#breadcrumb","itemListElement":[{"@type":"ListItem","position":1,"name":"Accueil","item":"https:\/\/animalhomeservice.fr\/"},{"@type":"ListItem","position":2,"name":"Tarifs chevaux"}]},{"@type":"WebSite","@id":"https:\/\/animalhomeservice.fr\/#website","url":"https:\/\/animalhomeservice.fr\/","name":"Animal Home Service","description":"","publisher":{"@id":"https:\/\/animalhomeservice.fr\/#\/schema\/person\/d64861ccfc892a0d0e9e09f93ed37613"},"potentialAction":[{"@type":"SearchAction","target":{"@type":"EntryPoint","urlTemplate":"https:\/\/animalhomeservice.fr\/?s={search_term_string}"},"query-input":"required name=search_term_string"}],"inLanguage":"en-US"},{"@type":["Person","Organization"],"@id":"https:\/\/animalhomeservice.fr\/#\/schema\/person\/d64861ccfc892a0d0e9e09f93ed37613","name":"elsbethblok07","image":{"@type":"ImageObject","inLanguage":"en-US","@id":"https:\/\/animalhomeservice.fr\/#\/schema\/person\/image\/","url":"https:\/\/animalhomeservice.fr\/wp-content\/uploads\/2023\/11\/veel-dieren.png","contentUrl":"https:\/\/animalhomeservice.fr\/wp-content\/uploads\/2023\/11\/veel-dieren.png","width":1920,"height":342,"caption":"elsbethblok07"},"logo":{"@id":"https:\/\/animalhomeservice.fr\/#\/schema\/person\/image\/"},"sameAs":["http:\/\/animalhomeservice.fr"]}]}},"_links":{"self":[{"href":"https:\/\/animalhomeservice.fr\/index.php\/wp-json\/wp\/v2\/pages\/62","targetHints":{"allow":["GET"]}}],"collection":[{"href":"https:\/\/animalhomeservice.fr\/index.php\/wp-json\/wp\/v2\/pages"}],"about":[{"href":"https:\/\/animalhomeservice.fr\/index.php\/wp-json\/wp\/v2\/types\/page"}],"author":[{"embeddable":true,"href":"https:\/\/animalhomeservice.fr\/index.php\/wp-json\/wp\/v2\/users\/1"}],"replies":[{"embeddable":true,"href":"https:\/\/animalhomeservice.fr\/index.php\/wp-json\/wp\/v2\/comments?post=62"}],"version-history":[{"count":2,"href":"https:\/\/animalhomeservice.fr\/index.php\/wp-json\/wp\/v2\/pages\/62\/revisions"}],"predecessor-version":[{"id":67,"href":"https:\/\/animalhomeservice.fr\/index.php\/wp-json\/wp\/v2\/pages\/62\/revisions\/67"}],"wp:attachment":[{"href":"https:\/\/animalhomeservice.fr\/index.php\/wp-json\/wp\/v2\/media?parent=62"}],"curies":[{"name":"wp","href":"https:\/\/api.w.org\/{rel}","templated":true}]}}