{"id":32,"date":"2023-10-12T11:56:22","date_gmt":"2023-10-12T09:56:22","guid":{"rendered":"http:\/\/animalhomeservice.fr\/?page_id=32"},"modified":"2023-11-30T16:53:48","modified_gmt":"2023-11-30T15:53:48","slug":"tarifs","status":"publish","type":"page","link":"https:\/\/animalhomeservice.fr\/index.php\/tarifs\/","title":{"rendered":"Tarifs chien chat NAC"},"content":{"rendered":"\n<div class=\"wp-block-media-text alignfull is-stacked-on-mobile is-vertically-aligned-center\" style=\"grid-template-columns:41% auto\"><figure class=\"wp-block-media-text__media\"><img loading=\"lazy\" decoding=\"async\" width=\"960\" height=\"720\" src=\"https:\/\/animalhomeservice.fr\/wp-content\/uploads\/2023\/09\/azul.jpg\" alt=\"\" class=\"wp-image-33 size-full\" srcset=\"https:\/\/animalhomeservice.fr\/wp-content\/uploads\/2023\/09\/azul.jpg 960w, https:\/\/animalhomeservice.fr\/wp-content\/uploads\/2023\/09\/azul-300x225.jpg 300w, https:\/\/animalhomeservice.fr\/wp-content\/uploads\/2023\/09\/azul-768x576.jpg 768w\" sizes=\"auto, (max-width: 960px) 100vw, 960px\" \/><\/figure><div class=\"wp-block-media-text__content\">\n<p><\/p>\n\n\n\n<p>Visite (+\/- 25 minutes) \u00e0 domicile chien, chat, NAC, poule, ch\u00e8vre&#8230;&#8230;..<\/p>\n\n\n\n<ul class=\"wp-block-list\">\n<li>Pour plusieurs animaux, tarif tr\u00e8s avantageux &#8216;sp\u00e9cial famille nombreuse&#8217; sur devis<\/li>\n\n\n\n<li>Chat (jusqu&#8217;\u00e0 2 chats) 11;00 \u20ac + frais kilom\u00e9triques<\/li>\n\n\n\n<li>Chat suppl\u00e9mentaire 5,00 \u20ac<\/li>\n\n\n\n<li>NAC (jusqu&#8217;\u00e0 2 animaux) 11;00 \u20ac + frais kilom\u00e9triques<\/li>\n\n\n\n<li>NAC suppl\u00e9mentaire 5,00 \u20ac<\/li>\n\n\n\n<li>Chien (avec sortie d&#8217;environ 20 minutes) 12,50 \u20ac + frais kilom\u00e9triques<\/li>\n\n\n\n<li>Chien suppl\u00e9mentaire 7,50 \u20ac<\/li>\n\n\n\n<li>Chien (avec sortie d&#8217;environ 1 heure) 18,00 \u20ac + frais kilom\u00e9triques<\/li>\n\n\n\n<li>Pr\u00e9-visite\/ remise des cl\u00e9s\/ restitution des cl\u00e9s de 10,00 \u20ac \u00e0 15,00 \u20ac<\/li>\n\n\n\n<li>Garde pendant visite touristique 5,00 \u20ac \/ heure, compatibilit\u00e9 avec chats demand\u00e9<\/li>\n\n\n\n<li>Achats compl\u00e9mentaires (liti\u00e8re, croquettes etc) hors prix des produits 15,00 \u20ac<\/li>\n\n\n\n<li>D\u00e9placement suppl\u00e9mentaire pour la prise ou restitution des cl\u00e9s 15,00 \u20ac<\/li>\n\n\n\n<li>Assistance attente v\u00e9t\u00e9rinaire \u00e0 domicile 23,00 \u20ac \/heure + frais kilom\u00e9triques<\/li>\n\n\n\n<li>D\u00e9placement aller \/ retour chez le v\u00e9t\u00e9rinaire de l&#8217;animal 23,00\u20ac \/heure + frais kilom\u00e9triques<\/li>\n\n\n\n<li>Les dimanches et jours f\u00e9ri\u00e9s sont major\u00e9s de 50%<\/li>\n\n\n\n<li>Repas et liti\u00e8re non compris<\/li>\n<\/ul>\n<\/div><\/div>\n\n\n\n<div class=\"wp-block-media-text alignfull has-media-on-the-right is-stacked-on-mobile is-vertically-aligned-center\" style=\"grid-template-columns:auto 41%\"><div class=\"wp-block-media-text__content\">\n<p>Visite au pr\u00e9 \/ \u00e0 domicile chevaux<\/p>\n\n\n\n<ul class=\"wp-block-list\">\n<li>Visite avec services sur mesure 15,00 \u20ac 1 visite par jour + frais kilom\u00e9triques<\/li>\n\n\n\n<li>Visite avec services sur mesure 25,00 \u20ac 2 visites par jour + frais kilom\u00e9triques<\/li>\n\n\n\n<li>Forfait pour 1 semaine 1 visite par jour 100,00 \u20ac + frais kilom\u00e9triques<\/li>\n\n\n\n<li>Prix de la visite jusqu&#8217;\u00e0 3 chevaux, apr\u00e8s devis sur mesure, tarif sp\u00e9cial famille nombreuse<\/li>\n\n\n\n<li>Pr\u00e9-visite\/ remise des cl\u00e9s\/ restitution des cl\u00e9s de 10,00 \u20ac \u00e0 15,00 \u20ac<\/li>\n\n\n\n<li>Curage et paillage d&#8217;un boxe 5,00 \u20ac suppl\u00e9mentaire<\/li>\n\n\n\n<li>R\u00e9parations de cl\u00f4ture et attrapage chevaux en libert\u00e9 23,00 \u20ac \/ heure mat\u00e9riel non compris<\/li>\n\n\n\n<li>Achat nourriture ou mat\u00e9riel 15,00 + frais kilom\u00e9triques<\/li>\n\n\n\n<li>Attente et assistance visite v\u00e9t\u00e9rinaire 23,00 \u20ac\/ heure + frais kilom\u00e9triques<\/li>\n\n\n\n<li>Les dimanches et jours f\u00e9ri\u00e9s sont major\u00e9s de 50 %<\/li>\n<\/ul>\n\n\n\n<p>La prestation comprend la v\u00e9rification de l&#8217;eau, du foin, des granul\u00e9s, des cl\u00f4tures, et de l&#8217;\u00e9tat de sant\u00e9 de votre compagnon.<\/p>\n\n\n\n<p>La nourriture, foin et paille ne sont pas compris dans le prix.<\/p>\n<\/div><figure class=\"wp-block-media-text__media\"><img loading=\"lazy\" decoding=\"async\" width=\"1024\" height=\"498\" src=\"https:\/\/animalhomeservice.fr\/wp-content\/uploads\/2023\/10\/bidou-et-titou-1024x498.jpg\" alt=\"\" class=\"wp-image-52 size-full\" srcset=\"https:\/\/animalhomeservice.fr\/wp-content\/uploads\/2023\/10\/bidou-et-titou-1024x498.jpg 1024w, https:\/\/animalhomeservice.fr\/wp-content\/uploads\/2023\/10\/bidou-et-titou-300x146.jpg 300w, https:\/\/animalhomeservice.fr\/wp-content\/uploads\/2023\/10\/bidou-et-titou-768x374.jpg 768w, https:\/\/animalhomeservice.fr\/wp-content\/uploads\/2023\/10\/bidou-et-titou.jpg 1480w\" sizes=\"auto, (max-width: 1024px) 100vw, 1024px\" \/><\/figure><\/div>\n","protected":false},"excerpt":{"rendered":"","protected":false},"author":1,"featured_media":0,"parent":0,"menu_order":0,"comment_status":"closed","ping_status":"closed","template":"","meta":{"footnotes":""},"class_list":["post-32","page","type-page","status-publish","hentry"],"yoast_head":"<!-- This site is optimized with the Yoast SEO plugin v21.5 - https:\/\/yoast.com\/wordpress\/plugins\/seo\/ -->\n<title>Tarifs chien chat NAC - Animal Home Service<\/title>\n<meta name=\"robots\" content=\"index, follow, max-snippet:-1, max-image-preview:large, max-video-preview:-1\" \/>\n<link rel=\"canonical\" href=\"https:\/\/animalhomeservice.fr\/index.php\/tarifs\/\" \/>\n<meta property=\"og:locale\" content=\"en_US\" \/>\n<meta property=\"og:type\" content=\"article\" \/>\n<meta property=\"og:title\" content=\"Tarifs chien chat NAC - Animal Home Service\" \/>\n<meta property=\"og:url\" content=\"https:\/\/animalhomeservice.fr\/index.php\/tarifs\/\" \/>\n<meta property=\"og:site_name\" content=\"Animal Home Service\" \/>\n<meta property=\"article:modified_time\" content=\"2023-11-30T15:53:48+00:00\" \/>\n<meta property=\"og:image\" content=\"http:\/\/animalhomeservice.fr\/wp-content\/uploads\/2023\/09\/azul.jpg\" \/>\n<meta name=\"twitter:card\" content=\"summary_large_image\" \/>\n<meta name=\"twitter:label1\" content=\"Est. reading time\" \/>\n\t<meta name=\"twitter:data1\" content=\"2 minutes\" \/>\n<script type=\"application\/ld+json\" class=\"yoast-schema-graph\">{\"@context\":\"https:\/\/schema.org\",\"@graph\":[{\"@type\":\"WebPage\",\"@id\":\"https:\/\/animalhomeservice.fr\/index.php\/tarifs\/\",\"url\":\"https:\/\/animalhomeservice.fr\/index.php\/tarifs\/\",\"name\":\"Tarifs chien chat NAC - Animal Home Service\",\"isPartOf\":{\"@id\":\"https:\/\/animalhomeservice.fr\/#website\"},\"datePublished\":\"2023-10-12T09:56:22+00:00\",\"dateModified\":\"2023-11-30T15:53:48+00:00\",\"breadcrumb\":{\"@id\":\"https:\/\/animalhomeservice.fr\/index.php\/tarifs\/#breadcrumb\"},\"inLanguage\":\"en-US\",\"potentialAction\":[{\"@type\":\"ReadAction\",\"target\":[\"https:\/\/animalhomeservice.fr\/index.php\/tarifs\/\"]}]},{\"@type\":\"BreadcrumbList\",\"@id\":\"https:\/\/animalhomeservice.fr\/index.php\/tarifs\/#breadcrumb\",\"itemListElement\":[{\"@type\":\"ListItem\",\"position\":1,\"name\":\"Accueil\",\"item\":\"https:\/\/animalhomeservice.fr\/\"},{\"@type\":\"ListItem\",\"position\":2,\"name\":\"Tarifs chien chat NAC\"}]},{\"@type\":\"WebSite\",\"@id\":\"https:\/\/animalhomeservice.fr\/#website\",\"url\":\"https:\/\/animalhomeservice.fr\/\",\"name\":\"Animal Home Service\",\"description\":\"\",\"publisher\":{\"@id\":\"https:\/\/animalhomeservice.fr\/#\/schema\/person\/d64861ccfc892a0d0e9e09f93ed37613\"},\"potentialAction\":[{\"@type\":\"SearchAction\",\"target\":{\"@type\":\"EntryPoint\",\"urlTemplate\":\"https:\/\/animalhomeservice.fr\/?s={search_term_string}\"},\"query-input\":\"required name=search_term_string\"}],\"inLanguage\":\"en-US\"},{\"@type\":[\"Person\",\"Organization\"],\"@id\":\"https:\/\/animalhomeservice.fr\/#\/schema\/person\/d64861ccfc892a0d0e9e09f93ed37613\",\"name\":\"elsbethblok07\",\"image\":{\"@type\":\"ImageObject\",\"inLanguage\":\"en-US\",\"@id\":\"https:\/\/animalhomeservice.fr\/#\/schema\/person\/image\/\",\"url\":\"https:\/\/animalhomeservice.fr\/wp-content\/uploads\/2023\/11\/veel-dieren.png\",\"contentUrl\":\"https:\/\/animalhomeservice.fr\/wp-content\/uploads\/2023\/11\/veel-dieren.png\",\"width\":1920,\"height\":342,\"caption\":\"elsbethblok07\"},\"logo\":{\"@id\":\"https:\/\/animalhomeservice.fr\/#\/schema\/person\/image\/\"},\"sameAs\":[\"http:\/\/animalhomeservice.fr\"]}]}<\/script>\n<!-- \/ Yoast SEO plugin. -->","yoast_head_json":{"title":"Tarifs chien chat NAC - Animal Home Service","robots":{"index":"index","follow":"follow","max-snippet":"max-snippet:-1","max-image-preview":"max-image-preview:large","max-video-preview":"max-video-preview:-1"},"canonical":"https:\/\/animalhomeservice.fr\/index.php\/tarifs\/","og_locale":"en_US","og_type":"article","og_title":"Tarifs chien chat NAC - Animal Home Service","og_url":"https:\/\/animalhomeservice.fr\/index.php\/tarifs\/","og_site_name":"Animal Home Service","article_modified_time":"2023-11-30T15:53:48+00:00","og_image":[{"url":"http:\/\/animalhomeservice.fr\/wp-content\/uploads\/2023\/09\/azul.jpg"}],"twitter_card":"summary_large_image","twitter_misc":{"Est. reading time":"2 minutes"},"schema":{"@context":"https:\/\/schema.org","@graph":[{"@type":"WebPage","@id":"https:\/\/animalhomeservice.fr\/index.php\/tarifs\/","url":"https:\/\/animalhomeservice.fr\/index.php\/tarifs\/","name":"Tarifs chien chat NAC - Animal Home Service","isPartOf":{"@id":"https:\/\/animalhomeservice.fr\/#website"},"datePublished":"2023-10-12T09:56:22+00:00","dateModified":"2023-11-30T15:53:48+00:00","breadcrumb":{"@id":"https:\/\/animalhomeservice.fr\/index.php\/tarifs\/#breadcrumb"},"inLanguage":"en-US","potentialAction":[{"@type":"ReadAction","target":["https:\/\/animalhomeservice.fr\/index.php\/tarifs\/"]}]},{"@type":"BreadcrumbList","@id":"https:\/\/animalhomeservice.fr\/index.php\/tarifs\/#breadcrumb","itemListElement":[{"@type":"ListItem","position":1,"name":"Accueil","item":"https:\/\/animalhomeservice.fr\/"},{"@type":"ListItem","position":2,"name":"Tarifs chien chat NAC"}]},{"@type":"WebSite","@id":"https:\/\/animalhomeservice.fr\/#website","url":"https:\/\/animalhomeservice.fr\/","name":"Animal Home Service","description":"","publisher":{"@id":"https:\/\/animalhomeservice.fr\/#\/schema\/person\/d64861ccfc892a0d0e9e09f93ed37613"},"potentialAction":[{"@type":"SearchAction","target":{"@type":"EntryPoint","urlTemplate":"https:\/\/animalhomeservice.fr\/?s={search_term_string}"},"query-input":"required name=search_term_string"}],"inLanguage":"en-US"},{"@type":["Person","Organization"],"@id":"https:\/\/animalhomeservice.fr\/#\/schema\/person\/d64861ccfc892a0d0e9e09f93ed37613","name":"elsbethblok07","image":{"@type":"ImageObject","inLanguage":"en-US","@id":"https:\/\/animalhomeservice.fr\/#\/schema\/person\/image\/","url":"https:\/\/animalhomeservice.fr\/wp-content\/uploads\/2023\/11\/veel-dieren.png","contentUrl":"https:\/\/animalhomeservice.fr\/wp-content\/uploads\/2023\/11\/veel-dieren.png","width":1920,"height":342,"caption":"elsbethblok07"},"logo":{"@id":"https:\/\/animalhomeservice.fr\/#\/schema\/person\/image\/"},"sameAs":["http:\/\/animalhomeservice.fr"]}]}},"_links":{"self":[{"href":"https:\/\/animalhomeservice.fr\/index.php\/wp-json\/wp\/v2\/pages\/32","targetHints":{"allow":["GET"]}}],"collection":[{"href":"https:\/\/animalhomeservice.fr\/index.php\/wp-json\/wp\/v2\/pages"}],"about":[{"href":"https:\/\/animalhomeservice.fr\/index.php\/wp-json\/wp\/v2\/types\/page"}],"author":[{"embeddable":true,"href":"https:\/\/animalhomeservice.fr\/index.php\/wp-json\/wp\/v2\/users\/1"}],"replies":[{"embeddable":true,"href":"https:\/\/animalhomeservice.fr\/index.php\/wp-json\/wp\/v2\/comments?post=32"}],"version-history":[{"count":5,"href":"https:\/\/animalhomeservice.fr\/index.php\/wp-json\/wp\/v2\/pages\/32\/revisions"}],"predecessor-version":[{"id":81,"href":"https:\/\/animalhomeservice.fr\/index.php\/wp-json\/wp\/v2\/pages\/32\/revisions\/81"}],"wp:attachment":[{"href":"https:\/\/animalhomeservice.fr\/index.php\/wp-json\/wp\/v2\/media?parent=32"}],"curies":[{"name":"wp","href":"https:\/\/api.w.org\/{rel}","templated":true}]}}