{"id":29,"date":"2023-11-24T10:30:55","date_gmt":"2023-11-24T09:30:55","guid":{"rendered":"http:\/\/animalhomeservice.fr\/?page_id=29"},"modified":"2023-11-30T16:45:19","modified_gmt":"2023-11-30T15:45:19","slug":"animal-home-service","status":"publish","type":"page","link":"https:\/\/animalhomeservice.fr\/index.php\/animal-home-service\/","title":{"rendered":"Accueil"},"content":{"rendered":"\n<p>garde d&#8217;animaux \u00e0 domicile<\/p>\n\n\n\n<figure class=\"wp-block-image size-full is-resized\"><img loading=\"lazy\" decoding=\"async\" src=\"https:\/\/animalhomeservice.fr\/wp-content\/uploads\/2023\/09\/hond-poes-edited.jpg\" alt=\"\" class=\"wp-image-9\" style=\"width:454px;height:340px\" width=\"454\" height=\"340\" srcset=\"https:\/\/animalhomeservice.fr\/wp-content\/uploads\/2023\/09\/hond-poes-edited.jpg 423w, https:\/\/animalhomeservice.fr\/wp-content\/uploads\/2023\/09\/hond-poes-edited-300x225.jpg 300w\" sizes=\"auto, (max-width: 454px) 100vw, 454px\" \/><\/figure>\n\n\n\n<p>Animal Home Service est une micro entreprise sp\u00e9cialis\u00e9e dans la garde \u00e0 domicile des animaux de compagnie (chat, chien, nac, poisson, oiseaux mais \u00e9galement chevaux, poules etc) ainsi que des sorties d&#8217;hygi\u00e8ne et promenade de sant\u00e9 pour chiens dans un rayon de 15 km autour de Prats de Carlux (Sarlat, Grol\u00e9jac, Salignac&#8230;&#8230;.)<\/p>\n\n\n\n<p>A toute moment, vous pouvez vous absenter de chez vous:<\/p>\n\n\n\n<ul class=\"wp-block-list\">\n<li><strong>vacances<\/strong><\/li>\n\n\n\n<li><strong>d\u00e9placements&nbsp;professionnels<\/strong><\/li>\n\n\n\n<li><strong>hospitalisation<\/strong><\/li>\n<\/ul>\n\n\n\n<p>Votre petsitter professionnel prend le relais aupr\u00e8s de vos animaux chez vous, dans leur contexte habituel et leur \u00e9vitant le stress li\u00e9 aux autres solutions (chenils, pensions etc)<\/p>\n\n\n\n<p>Pour les personnes en vacances je propose la garde de votre animal de compagnie pendant vos visites touristiques, durant la journ\u00e9e, en formule famille d&#8217;acceuil&nbsp;. Compabilit\u00e9 avec les chats demand\u00e9e.<\/p>\n\n\n\n<p>En choisissant Animal Home Service, vous n\u2019avez \u00e0 faire qu\u2019\u00e0 une seule interlocutrice. Aussi important pour vous que votre animal de compagnie.<\/p>\n\n\n\n<p>Partez en toute tranquilit\u00e9 avec notre service garde d&#8217;animaux \u00e0 domicile<\/p>\n\n\n\n<ul class=\"wp-block-list\">\n<li>assurance civile et professionnelle<\/li>\n\n\n\n<li>dipl\u00f4m\u00e9e ACACED<\/li>\n\n\n\n<li>agr\u00e9\u00e9 DDPP<\/li>\n<\/ul>\n\n\n\n<figure class=\"wp-block-image size-large is-resized\"><img loading=\"lazy\" decoding=\"async\" src=\"https:\/\/animalhomeservice.fr\/wp-content\/uploads\/2023\/09\/veel-dieren-1024x182.png\" alt=\"\" class=\"wp-image-30\" style=\"width:649px;height:115px\" width=\"649\" height=\"115\" srcset=\"https:\/\/animalhomeservice.fr\/wp-content\/uploads\/2023\/09\/veel-dieren-1024x182.png 1024w, https:\/\/animalhomeservice.fr\/wp-content\/uploads\/2023\/09\/veel-dieren-300x53.png 300w, https:\/\/animalhomeservice.fr\/wp-content\/uploads\/2023\/09\/veel-dieren-768x137.png 768w, https:\/\/animalhomeservice.fr\/wp-content\/uploads\/2023\/09\/veel-dieren-1536x274.png 1536w, https:\/\/animalhomeservice.fr\/wp-content\/uploads\/2023\/09\/veel-dieren.png 1920w\" sizes=\"auto, (max-width: 649px) 100vw, 649px\" \/><\/figure>\n","protected":false},"excerpt":{"rendered":"<p>garde d&#8217;animaux \u00e0 domicile Animal Home Service est une micro entreprise sp\u00e9cialis\u00e9e dans la garde \u00e0 domicile des animaux de compagnie (chat, chien, nac, poisson, oiseaux mais \u00e9galement chevaux, poules etc) ainsi que des sorties d&#8217;hygi\u00e8ne et promenade de sant\u00e9 pour chiens dans un rayon de 15 km autour de Prats de Carlux (Sarlat, Grol\u00e9jac, [&hellip;]<\/p>\n","protected":false},"author":1,"featured_media":0,"parent":0,"menu_order":0,"comment_status":"closed","ping_status":"closed","template":"","meta":{"footnotes":""},"class_list":["post-29","page","type-page","status-publish","hentry"],"yoast_head":"<!-- This site is optimized with the Yoast SEO plugin v21.5 - https:\/\/yoast.com\/wordpress\/plugins\/seo\/ -->\n<title>Accueil - Animal Home Service<\/title>\n<meta name=\"robots\" content=\"index, follow, max-snippet:-1, max-image-preview:large, max-video-preview:-1\" \/>\n<link rel=\"canonical\" href=\"https:\/\/animalhomeservice.fr\/index.php\/animal-home-service\/\" \/>\n<meta property=\"og:locale\" content=\"en_US\" \/>\n<meta property=\"og:type\" content=\"article\" \/>\n<meta property=\"og:title\" content=\"Accueil - Animal Home Service\" \/>\n<meta property=\"og:description\" content=\"garde d&#8217;animaux \u00e0 domicile Animal Home Service est une micro entreprise sp\u00e9cialis\u00e9e dans la garde \u00e0 domicile des animaux de compagnie (chat, chien, nac, poisson, oiseaux mais \u00e9galement chevaux, poules etc) ainsi que des sorties d&#8217;hygi\u00e8ne et promenade de sant\u00e9 pour chiens dans un rayon de 15 km autour de Prats de Carlux (Sarlat, Grol\u00e9jac, [&hellip;]\" \/>\n<meta property=\"og:url\" content=\"https:\/\/animalhomeservice.fr\/index.php\/animal-home-service\/\" \/>\n<meta property=\"og:site_name\" content=\"Animal Home Service\" \/>\n<meta property=\"article:modified_time\" content=\"2023-11-30T15:45:19+00:00\" \/>\n<meta property=\"og:image\" content=\"http:\/\/animalhomeservice.fr\/wp-content\/uploads\/2023\/09\/hond-poes-edited.jpg\" \/>\n<meta name=\"twitter:card\" content=\"summary_large_image\" \/>\n<meta name=\"twitter:label1\" content=\"Est. reading time\" \/>\n\t<meta name=\"twitter:data1\" content=\"2 minutes\" \/>\n<script type=\"application\/ld+json\" class=\"yoast-schema-graph\">{\"@context\":\"https:\/\/schema.org\",\"@graph\":[{\"@type\":\"WebPage\",\"@id\":\"https:\/\/animalhomeservice.fr\/index.php\/animal-home-service\/\",\"url\":\"https:\/\/animalhomeservice.fr\/index.php\/animal-home-service\/\",\"name\":\"Accueil - Animal Home Service\",\"isPartOf\":{\"@id\":\"https:\/\/animalhomeservice.fr\/#website\"},\"datePublished\":\"2023-11-24T09:30:55+00:00\",\"dateModified\":\"2023-11-30T15:45:19+00:00\",\"breadcrumb\":{\"@id\":\"https:\/\/animalhomeservice.fr\/index.php\/animal-home-service\/#breadcrumb\"},\"inLanguage\":\"en-US\",\"potentialAction\":[{\"@type\":\"ReadAction\",\"target\":[\"https:\/\/animalhomeservice.fr\/index.php\/animal-home-service\/\"]}]},{\"@type\":\"BreadcrumbList\",\"@id\":\"https:\/\/animalhomeservice.fr\/index.php\/animal-home-service\/#breadcrumb\",\"itemListElement\":[{\"@type\":\"ListItem\",\"position\":1,\"name\":\"Accueil\",\"item\":\"https:\/\/animalhomeservice.fr\/\"},{\"@type\":\"ListItem\",\"position\":2,\"name\":\"Accueil\"}]},{\"@type\":\"WebSite\",\"@id\":\"https:\/\/animalhomeservice.fr\/#website\",\"url\":\"https:\/\/animalhomeservice.fr\/\",\"name\":\"Animal Home Service\",\"description\":\"\",\"publisher\":{\"@id\":\"https:\/\/animalhomeservice.fr\/#\/schema\/person\/d64861ccfc892a0d0e9e09f93ed37613\"},\"potentialAction\":[{\"@type\":\"SearchAction\",\"target\":{\"@type\":\"EntryPoint\",\"urlTemplate\":\"https:\/\/animalhomeservice.fr\/?s={search_term_string}\"},\"query-input\":\"required name=search_term_string\"}],\"inLanguage\":\"en-US\"},{\"@type\":[\"Person\",\"Organization\"],\"@id\":\"https:\/\/animalhomeservice.fr\/#\/schema\/person\/d64861ccfc892a0d0e9e09f93ed37613\",\"name\":\"elsbethblok07\",\"image\":{\"@type\":\"ImageObject\",\"inLanguage\":\"en-US\",\"@id\":\"https:\/\/animalhomeservice.fr\/#\/schema\/person\/image\/\",\"url\":\"https:\/\/animalhomeservice.fr\/wp-content\/uploads\/2023\/11\/veel-dieren.png\",\"contentUrl\":\"https:\/\/animalhomeservice.fr\/wp-content\/uploads\/2023\/11\/veel-dieren.png\",\"width\":1920,\"height\":342,\"caption\":\"elsbethblok07\"},\"logo\":{\"@id\":\"https:\/\/animalhomeservice.fr\/#\/schema\/person\/image\/\"},\"sameAs\":[\"http:\/\/animalhomeservice.fr\"]}]}<\/script>\n<!-- \/ Yoast SEO plugin. -->","yoast_head_json":{"title":"Accueil - Animal Home Service","robots":{"index":"index","follow":"follow","max-snippet":"max-snippet:-1","max-image-preview":"max-image-preview:large","max-video-preview":"max-video-preview:-1"},"canonical":"https:\/\/animalhomeservice.fr\/index.php\/animal-home-service\/","og_locale":"en_US","og_type":"article","og_title":"Accueil - Animal Home Service","og_description":"garde d&#8217;animaux \u00e0 domicile Animal Home Service est une micro entreprise sp\u00e9cialis\u00e9e dans la garde \u00e0 domicile des animaux de compagnie (chat, chien, nac, poisson, oiseaux mais \u00e9galement chevaux, poules etc) ainsi que des sorties d&#8217;hygi\u00e8ne et promenade de sant\u00e9 pour chiens dans un rayon de 15 km autour de Prats de Carlux (Sarlat, Grol\u00e9jac, [&hellip;]","og_url":"https:\/\/animalhomeservice.fr\/index.php\/animal-home-service\/","og_site_name":"Animal Home Service","article_modified_time":"2023-11-30T15:45:19+00:00","og_image":[{"url":"http:\/\/animalhomeservice.fr\/wp-content\/uploads\/2023\/09\/hond-poes-edited.jpg"}],"twitter_card":"summary_large_image","twitter_misc":{"Est. reading time":"2 minutes"},"schema":{"@context":"https:\/\/schema.org","@graph":[{"@type":"WebPage","@id":"https:\/\/animalhomeservice.fr\/index.php\/animal-home-service\/","url":"https:\/\/animalhomeservice.fr\/index.php\/animal-home-service\/","name":"Accueil - Animal Home Service","isPartOf":{"@id":"https:\/\/animalhomeservice.fr\/#website"},"datePublished":"2023-11-24T09:30:55+00:00","dateModified":"2023-11-30T15:45:19+00:00","breadcrumb":{"@id":"https:\/\/animalhomeservice.fr\/index.php\/animal-home-service\/#breadcrumb"},"inLanguage":"en-US","potentialAction":[{"@type":"ReadAction","target":["https:\/\/animalhomeservice.fr\/index.php\/animal-home-service\/"]}]},{"@type":"BreadcrumbList","@id":"https:\/\/animalhomeservice.fr\/index.php\/animal-home-service\/#breadcrumb","itemListElement":[{"@type":"ListItem","position":1,"name":"Accueil","item":"https:\/\/animalhomeservice.fr\/"},{"@type":"ListItem","position":2,"name":"Accueil"}]},{"@type":"WebSite","@id":"https:\/\/animalhomeservice.fr\/#website","url":"https:\/\/animalhomeservice.fr\/","name":"Animal Home Service","description":"","publisher":{"@id":"https:\/\/animalhomeservice.fr\/#\/schema\/person\/d64861ccfc892a0d0e9e09f93ed37613"},"potentialAction":[{"@type":"SearchAction","target":{"@type":"EntryPoint","urlTemplate":"https:\/\/animalhomeservice.fr\/?s={search_term_string}"},"query-input":"required name=search_term_string"}],"inLanguage":"en-US"},{"@type":["Person","Organization"],"@id":"https:\/\/animalhomeservice.fr\/#\/schema\/person\/d64861ccfc892a0d0e9e09f93ed37613","name":"elsbethblok07","image":{"@type":"ImageObject","inLanguage":"en-US","@id":"https:\/\/animalhomeservice.fr\/#\/schema\/person\/image\/","url":"https:\/\/animalhomeservice.fr\/wp-content\/uploads\/2023\/11\/veel-dieren.png","contentUrl":"https:\/\/animalhomeservice.fr\/wp-content\/uploads\/2023\/11\/veel-dieren.png","width":1920,"height":342,"caption":"elsbethblok07"},"logo":{"@id":"https:\/\/animalhomeservice.fr\/#\/schema\/person\/image\/"},"sameAs":["http:\/\/animalhomeservice.fr"]}]}},"_links":{"self":[{"href":"https:\/\/animalhomeservice.fr\/index.php\/wp-json\/wp\/v2\/pages\/29","targetHints":{"allow":["GET"]}}],"collection":[{"href":"https:\/\/animalhomeservice.fr\/index.php\/wp-json\/wp\/v2\/pages"}],"about":[{"href":"https:\/\/animalhomeservice.fr\/index.php\/wp-json\/wp\/v2\/types\/page"}],"author":[{"embeddable":true,"href":"https:\/\/animalhomeservice.fr\/index.php\/wp-json\/wp\/v2\/users\/1"}],"replies":[{"embeddable":true,"href":"https:\/\/animalhomeservice.fr\/index.php\/wp-json\/wp\/v2\/comments?post=29"}],"version-history":[{"count":2,"href":"https:\/\/animalhomeservice.fr\/index.php\/wp-json\/wp\/v2\/pages\/29\/revisions"}],"predecessor-version":[{"id":66,"href":"https:\/\/animalhomeservice.fr\/index.php\/wp-json\/wp\/v2\/pages\/29\/revisions\/66"}],"wp:attachment":[{"href":"https:\/\/animalhomeservice.fr\/index.php\/wp-json\/wp\/v2\/media?parent=29"}],"curies":[{"name":"wp","href":"https:\/\/api.w.org\/{rel}","templated":true}]}}